{"id":3,"date":"2020-03-24T20:27:28","date_gmt":"2020-03-24T20:27:28","guid":{"rendered":"http:\/\/sklep.kardio.clinic\/?page_id=3"},"modified":"2020-04-09T01:30:49","modified_gmt":"2020-04-08T23:30:49","slug":"polityka-prywatnosci","status":"publish","type":"page","link":"https:\/\/sklep.kardio.clinic\/index.php\/polityka-prywatnosci\/","title":{"rendered":"Polityka prywatno\u015bci"},"content":{"rendered":"\n<p>Poufno\u015b\u0107 danych i ochrona prywatno\u015bci naszych U\u017cytkownik\u00f3w stanowi dla nas kwesti\u0119 priorytetow\u0105. Polityka prywatno\u015bci okre\u015bla zasady dotycz\u0105ce sposobu gromadzenia, przetwarzania i wykorzystywania danych osobowych u\u017cytkownik\u00f3w serwisu <strong>https:\/\/sklep.kardio.clinic, <\/strong>kt\u00f3rego operatorem s\u0105 Poradnie Specjalistyczne kardio.CLINIC z siedzib\u0105 w D\u0105browie G\u00f3rniczej, przy ul. Wyszy\u0144skiego 1. <\/p>\n\n\n\n<h2 class=\"wp-block-heading\">Kim jeste\u015bmy<\/h2>\n\n\n\n<p>Poradnie Specjalistyczne kardio.CLINIC s\u0105 administratorami danych osobowych U\u017cytkownik\u00f3w pozyskanych w zwi\u0105zku z korzystaniem przez U\u017cytkownik\u00f3w z us\u0142ug \u015bwiadczonych za po\u015brednictwem serwisu: http:\/\/sklep.kardio.clinic.<\/p>\n\n\n\n<h2 class=\"wp-block-heading\">Jakie dane osobiste zbieramy i dlaczego je zbieramy<\/h2>\n\n\n\n<p>Je\u015bli zamierzasz za\u0142o\u017cy\u0107 Konto U\u017cytkownika oraz korzysta\u0107 z naszych us\u0142ug, zostaniesz poproszony o podanie nam Twoich danych osobowych. Twoje dane przetwarzane s\u0105 przez nas w celu realizacji us\u0142ug telemedycznych. <\/p>\n\n\n\n<h3 class=\"wp-block-heading\">Komentarze<\/h3>\n\n\n\n<p>Kiedy odwiedzaj\u0105cy witryn\u0119 zostawia komentarz, zbieramy dane widoczne w formularzu komentowania, jak i adres IP odwiedzaj\u0105cego oraz podpis jego przegl\u0105darki jako pomoc przy wykrywaniu spamu.<\/p>\n\n\n\n<p>Zanonimizowany ci\u0105g znak\u00f3w stworzony na podstawie twojego adresu email (tak zwany hash) mo\u017ce zosta\u0107 przes\u0142any do us\u0142ugi Gravatar w celu sprawdzenia czy jej u\u017cywasz. Polityka prywatno\u015bci us\u0142ugi Gravatar jest dost\u0119pna tutaj: https:\/\/automattic.com\/privacy\/. Po zatwierdzeniu komentarza tw\u00f3j obrazek profilowy jest widoczny publicznie w kontek\u015bcie twojego komentarza.<\/p>\n\n\n\n<h3 class=\"wp-block-heading\">Media<\/h3>\n\n\n\n<p>Je\u015bli jeste\u015b zarejestrowanym u\u017cytkownikiem i wgrywasz na witryn\u0119 obrazki, powiniene\u015b unika\u0107 przesy\u0142ania obrazk\u00f3w z tagami EXIF lokalizacji. Odwiedzaj\u0105cy stron\u0119 mog\u0105 pobra\u0107 i odczyta\u0107 pe\u0142ne dane lokalizacyjne z obrazk\u00f3w w witrynie.<\/p>\n\n\n\n<h3 class=\"wp-block-heading\">Ciasteczka<\/h3>\n\n\n\n<p>Je\u015bli zostawisz na naszej witrynie komentarz, b\u0119dziesz m\u00f3g\u0142 wybra\u0107 opcj\u0119 zapisu twojej nazwy, adresu email i adresu strony internetowej w ciasteczkach, dzi\u0119ki kt\u00f3rym podczas pisania kolejnych komentarzy powy\u017csze informacje b\u0119d\u0105 ju\u017c dogodnie uzupe\u0142nione. Te ciasteczka wygasaj\u0105 po roku.<\/p>\n\n\n\n<p>Je\u015bli masz konto i zalogujesz si\u0119 na tej witrynie, utworzymy tymczasowe ciasteczko na potrzeby sprawdzenia czy twoja przegl\u0105darka akceptuje ciasteczka. To ciasteczko nie zawiera \u017cadnych danych osobistych i zostanie wyrzucone kiedy zamkniesz przegl\u0105dark\u0119.<\/p>\n\n\n\n<p>Podczas logowania tworzymy dodatkowo kilka ciasteczek potrzebnych do zapisu twoich informacji logowania oraz wybranych opcji ekranu. Ciasteczka logowania wygasaj\u0105 po dw\u00f3ch dniach, a opcji ekranu po roku. Je\u015bli zaznaczysz opcj\u0119 \u201ePami\u0119taj mnie\u201d, logowanie wyga\u015bnie po dw\u00f3ch tygodniach. Je\u015bli wylogujesz si\u0119 ze swojego konta, ciasteczka logowania zostan\u0105 usuni\u0119te.<\/p>\n\n\n\n<p>Je\u015bli zmodyfikujesz albo opublikujesz artyku\u0142, w twojej przegl\u0105darce zostanie zapisane dodatkowe ciasteczko. To ciasteczko nie zawiera \u017cadnych danych osobistych, wskazuj\u0105c po prostu na identyfikator przed chwil\u0105 edytowanego artyku\u0142u. Wygasa ono po 1 dniu.<\/p>\n\n\n\n<h3 class=\"wp-block-heading\">Osadzone tre\u015bci z innych witryn<\/h3>\n\n\n\n<p>Artyku\u0142y na tej witrynie mog\u0105 zawiera\u0107 osadzone tre\u015bci (np. filmy, obrazki, artyku\u0142y itp.). Osadzone tre\u015bci z innych witryn zachowuj\u0105 si\u0119 analogicznie do tego, jakby u\u017cytkownik odwiedzi\u0142 bezpo\u015brednio konkretn\u0105 witryn\u0119.<\/p>\n\n\n\n<p>Witryny mog\u0105 zbiera\u0107 informacje o tobie, u\u017cywa\u0107 ciasteczek, do\u0142\u0105cza\u0107 dodatkowe, zewn\u0119trzne systemy \u015bledzenia i monitorowa\u0107 twoje interakcje z osadzonym materia\u0142em, w\u0142\u0105czaj\u0105c w to \u015bledzenie twoich interakcji z osadzonym materia\u0142em je\u015bli posiadasz konto i jeste\u015b zalogowany w tamtej witrynie.<\/p>\n\n\n\n<h2 class=\"wp-block-heading\">Z kim dzielimy si\u0119 danymi<\/h2>\n\n\n\n<p>Nie udost\u0119pniamy danych innym firmom w celach marketingowych. Dane zamawiaj\u0105cego mog\u0105 zosta\u0107 przekazane firmie zajmuj\u0105cej si\u0119 obs\u0142ug\u0105 ksi\u0119gow\u0105 oraz bankowi.<\/p>\n\n\n\n<h2 class=\"wp-block-heading\">Jak d\u0142ugo przechowujemy twoje dane<\/h2>\n\n\n\n<p>Je\u015bli zostawisz komentarz, jego tre\u015b\u0107 i metadane b\u0119d\u0105 przechowywane przez czas nieokre\u015blony. Dzi\u0119ki temu jeste\u015bmy w stanie rozpoznawa\u0107 i zatwierdza\u0107 kolejne komentarze automatycznie, bez wysy\u0142ania ich do ka\u017cdorazowej moderacji.<\/p>\n\n\n\n<p>Dla u\u017cytkownik\u00f3w kt\u00f3rzy zarejestrowali si\u0119 na naszej stronie internetowej (je\u015bli tacy s\u0105), przechowujemy r\u00f3wnie\u017c informacje osobiste wprowadzone w profilu. Ka\u017cdy u\u017cytkownik mo\u017ce dokona\u0107 wgl\u0105du, korekty albo skasowa\u0107 swoje informacje osobiste w dowolnej chwili (nie licz\u0105c nazwy u\u017cytkownika, kt\u00f3rej nie mo\u017cna zmieni\u0107). Administratorzy strony r\u00f3wnie\u017c mog\u0105 przegl\u0105da\u0107 i modyfikowa\u0107 te informacje.<\/p>\n\n\n\n<h2 class=\"wp-block-heading\">Jakie masz prawa do swoich danych<\/h2>\n\n\n\n<p>Je\u015bli masz konto u\u017cytkownika albo doda\u0142e\u015b komentarze w tej witrynie, mo\u017cesz za\u017c\u0105da\u0107 dostarczenia pliku z wyeksportowanym kompletem twoich danych osobistych b\u0119d\u0105cych w naszym posiadaniu, w tym ca\u0142o\u015b\u0107 tych dostarczonych przez ciebie. Mo\u017cesz r\u00f3wnie\u017c za\u017c\u0105da\u0107 usuni\u0119cia przez nas ca\u0142o\u015bci twoich danych osobistych w naszym posiadaniu. Nie dotyczy to \u017cadnych danych kt\u00f3re jeste\u015bmy zobligowani zachowa\u0107 ze wzgl\u0119d\u00f3w administracyjnych, prawnych albo bezpiecze\u0144stwa.<\/p>\n\n\n\n<h2 class=\"wp-block-heading\">Gdzie przesy\u0142amy dane<\/h2>\n\n\n\n<p>Komentarze go\u015bci mog\u0105 by\u0107 sprawdzane za pomoc\u0105 automatycznej us\u0142ugi wykrywania spamu.<\/p>\n\n\n\n<h2 class=\"wp-block-heading\">Informacje dodatkowe<\/h2>\n\n\n\n<h3 class=\"wp-block-heading\">Jak chronimy twoje dane?<\/h3>\n\n\n\n<p>Przetwarzaj\u0105c Twoje dane osobowe stosujemy \u015brodki organizacyjne i techniczne zgodne z w\u0142a\u015bciwymi przepisami prawa, w tym stosujemy szyfrowanie po\u0142\u0105czenia za pomoc\u0105 certyfikatu SSL. <\/p>\n\n\n\n<h3 class=\"wp-block-heading\">Jakie mamy obowi\u0105zuj\u0105ce procedury w przypadku naruszenia prywatno\u015bci danych<\/h3>\n\n\n\n<p>Administrator:<\/p>\n\n\n\n<ul class=\"wp-block-list\"><li>mo\u017ce podj\u0105\u0107 decyzj\u0119 o wy\u0142\u0105czeniu systemu informatycznego lub jego cz\u0119\u015bci obj\u0119tej zdarzeniem,<\/li><li>przeprowadza post\u0119powanie wyja\u015bniaj\u0105ce w celu ustalenia okoliczno\u015bci i przyczyn naruszenia bezpiecze\u0144stwa,<\/li><li>podejmuje dzia\u0142ania chroni\u0105ce system,<\/li><\/ul>\n\n\n\n<p>Jednocze\u015bnie Administrator, nie p\u00f3\u017aniej ni\u017c w terminie 72 godzin po stwierdzeniu naruszenia \u2013 zg\u0142asza je organowi nadzorczemu w\u0142a\u015bciwemu zgodnie z art. 55 RODO, chyba \u017ce jest ma\u0142o prawdopodobne, by naruszenie to skutkowa\u0142o ryzykiem naruszenia praw lub wolno\u015bci os\u00f3b fizycznych. Je\u017celi naruszenie ochrony danych osobowych mo\u017ce powodowa\u0107 wysokie ryzyko naruszenia praw lub wolno\u015bci os\u00f3b fizycznych, administrator bez zb\u0119dnej zw\u0142oki zawiadamia osob\u0119, kt\u00f3rej dane dotycz\u0105, o takim naruszeniu<\/p>\n","protected":false},"excerpt":{"rendered":"<p>Poufno\u015b\u0107 danych i ochrona prywatno\u015bci naszych U\u017cytkownik\u00f3w stanowi dla nas kwesti\u0119 priorytetow\u0105. Polityka prywatno\u015bci okre\u015bla zasady dotycz\u0105ce sposobu gromadzenia, przetwarzania i wykorzystywania danych osobowych u\u017cytkownik\u00f3w serwisu https:\/\/sklep.kardio.clinic, kt\u00f3rego operatorem s\u0105 Poradnie Specjalistyczne kardio.CLINIC z siedzib\u0105 w D\u0105browie G\u00f3rniczej, przy ul. Wyszy\u0144skiego 1. Kim jeste\u015bmy Poradnie Specjalistyczne kardio.CLINIC s\u0105 administratorami danych osobowych U\u017cytkownik\u00f3w pozyskanych w zwi\u0105zku [&hellip;]<\/p>\n","protected":false},"author":1,"featured_media":0,"parent":0,"menu_order":0,"comment_status":"closed","ping_status":"open","template":"","meta":{"footnotes":""},"class_list":["post-3","page","type-page","status-publish","hentry"],"_links":{"self":[{"href":"https:\/\/sklep.kardio.clinic\/index.php\/wp-json\/wp\/v2\/pages\/3","targetHints":{"allow":["GET"]}}],"collection":[{"href":"https:\/\/sklep.kardio.clinic\/index.php\/wp-json\/wp\/v2\/pages"}],"about":[{"href":"https:\/\/sklep.kardio.clinic\/index.php\/wp-json\/wp\/v2\/types\/page"}],"author":[{"embeddable":true,"href":"https:\/\/sklep.kardio.clinic\/index.php\/wp-json\/wp\/v2\/users\/1"}],"replies":[{"embeddable":true,"href":"https:\/\/sklep.kardio.clinic\/index.php\/wp-json\/wp\/v2\/comments?post=3"}],"version-history":[{"count":5,"href":"https:\/\/sklep.kardio.clinic\/index.php\/wp-json\/wp\/v2\/pages\/3\/revisions"}],"predecessor-version":[{"id":50,"href":"https:\/\/sklep.kardio.clinic\/index.php\/wp-json\/wp\/v2\/pages\/3\/revisions\/50"}],"wp:attachment":[{"href":"https:\/\/sklep.kardio.clinic\/index.php\/wp-json\/wp\/v2\/media?parent=3"}],"curies":[{"name":"wp","href":"https:\/\/api.w.org\/{rel}","templated":true}]}}